{"id":4139,"date":"2024-07-26T10:26:28","date_gmt":"2024-07-26T08:26:28","guid":{"rendered":"https:\/\/hejm.de\/?page_id=4139"},"modified":"2024-07-29T13:58:48","modified_gmt":"2024-07-29T11:58:48","slug":"impressum","status":"publish","type":"page","link":"https:\/\/hejm.de\/en\/impressum\/","title":{"rendered":"Legal notice"},"content":{"rendered":"\t\t<div data-elementor-type=\"wp-page\" data-elementor-id=\"4139\" class=\"elementor elementor-4139\" data-elementor-post-type=\"page\">\n\t\t\t\t<div class=\"elementor-element elementor-element-1648ece3 e-flex e-con-boxed elementor-invisible e-con e-child\" data-id=\"1648ece3\" data-element_type=\"container\" data-e-type=\"container\" data-settings=\"{&quot;animation&quot;:&quot;fadeIn&quot;}\">\n\t\t\t\t\t<div class=\"e-con-inner\">\n\t\t\t\t<div class=\"elementor-element elementor-element-31473077 elementor--h-position-left elementor--v-position-middle elementor-arrows-position-inside elementor-pagination-position-inside elementor-widget elementor-widget-slides\" data-id=\"31473077\" data-element_type=\"widget\" data-e-type=\"widget\" data-settings=\"{&quot;navigation&quot;:&quot;both&quot;,&quot;autoplay&quot;:&quot;yes&quot;,&quot;pause_on_hover&quot;:&quot;yes&quot;,&quot;pause_on_interaction&quot;:&quot;yes&quot;,&quot;autoplay_speed&quot;:5000,&quot;infinite&quot;:&quot;yes&quot;,&quot;transition&quot;:&quot;slide&quot;,&quot;transition_speed&quot;:500}\" data-widget_type=\"slides.default\">\n\t\t\t\t<div class=\"elementor-widget-container\">\n\t\t\t\t\t\t\t\t\t<div class=\"elementor-swiper\">\n\t\t\t\t\t<div class=\"elementor-slides-wrapper elementor-main-swiper swiper\" role=\"region\" aria-roledescription=\"carousel\" aria-label=\"Slider\" dir=\"ltr\" data-animation=\"fadeInLeft\">\n\t\t\t\t<div class=\"swiper-wrapper elementor-slides\">\n\t\t\t\t\t\t\t\t\t\t<div class=\"elementor-repeater-item-ed79945 swiper-slide\" role=\"group\" aria-roledescription=\"slide\"><div class=\"swiper-slide-bg\" role=\"img\" aria-label=\"Digital Microprocessor. Computer Controller Circuit Board closeup Main Central Processing Unit Electronic Chips with Data Signal Lane.\"><\/div><div class=\"elementor-background-overlay\"><\/div><div class=\"swiper-slide-inner\" ><div class=\"swiper-slide-contents\"><div class=\"elementor-slide-heading\">Impressum<\/div><div class=\"elementor-slide-description\">\n<\/div><\/div><\/div><\/div>\t\t\t\t<\/div>\n\t\t\t\t\t\t\t<\/div>\n\t\t\t\t<\/div>\n\t\t\t\t\t\t\t\t<\/div>\n\t\t\t\t<\/div>\n\t\t\t\t<div class=\"elementor-element elementor-element-55bba9d elementor-widget elementor-widget-spacer\" data-id=\"55bba9d\" data-element_type=\"widget\" data-e-type=\"widget\" data-widget_type=\"spacer.default\">\n\t\t\t\t<div class=\"elementor-widget-container\">\n\t\t\t\t\t\t\t<div class=\"elementor-spacer\">\n\t\t\t<div class=\"elementor-spacer-inner\"><\/div>\n\t\t<\/div>\n\t\t\t\t\t\t<\/div>\n\t\t\t\t<\/div>\n\t\t\t\t\t<\/div>\n\t\t\t\t<\/div>\n\t\t<div class=\"elementor-element elementor-element-0a4a73d e-flex e-con-boxed e-con e-parent\" data-id=\"0a4a73d\" data-element_type=\"container\" data-e-type=\"container\" data-settings=\"{&quot;background_background&quot;:&quot;slideshow&quot;,&quot;background_slideshow_gallery&quot;:[{&quot;id&quot;:425,&quot;url&quot;:&quot;https:\\\/\\\/hejm.de\\\/wp-content\\\/uploads\\\/2023\\\/05\\\/header-figur-png.png&quot;}],&quot;background_slideshow_loop&quot;:&quot;yes&quot;,&quot;background_slideshow_slide_duration&quot;:5000,&quot;background_slideshow_slide_transition&quot;:&quot;fade&quot;,&quot;background_slideshow_transition_duration&quot;:500}\">\n\t\t\t\t\t<div class=\"e-con-inner\">\n\t\t\t\t<div class=\"elementor-element elementor-element-9728150 elementor-widget elementor-widget-text-editor\" data-id=\"9728150\" data-element_type=\"widget\" data-e-type=\"widget\" data-widget_type=\"text-editor.default\">\n\t\t\t\t<div class=\"elementor-widget-container\">\n\t\t\t\t\t\t\t\t\t<p>HEJM Automatisierungstechnik GmbH<br \/>Wilhelm-Moriell-Strasse 7<br \/>78315 Radolfzell<br \/>Deutschland<\/p><p>Handelsregister: HRB 550 604<br \/>Registergericht: Amtsgericht Freiburg<\/p><p><strong>Vertreten durch:<\/strong><br \/>J\u00fcrgen Mandlmaier, Daniel F\u00fcrst<\/p><h3>Kontakt<\/h3><p>Telefon: +49 7732 94558-0<br \/>E-Mail: info@hejm.de<\/p><h3>Umsatzsteuer-ID<\/h3><p>Umsatzsteuer-Identifikationsnummer gem\u00e4\u00df \u00a7 27 a Umsatzsteuergesetz:<br \/>DE187243276<\/p><h3>Redaktionell verantwortlich<\/h3><p>Daniel F\u00fcrst<\/p><h3>EU-Streitschlichtung<\/h3><p>Die Europ\u00e4ische Kommission stellt eine Plattform zur Online-Streitbeilegung (OS) bereit: <a href=\"https:\/\/ec.europa.eu\/consumers\/odr\/\" target=\"_blank\" rel=\"noopener noreferrer\">https:\/\/ec.europa.eu\/consumers\/odr\/<\/a>.<br \/>Unsere E-Mail-Adresse finden Sie oben im Impressum.<\/p><h3>Verbraucher\u00adstreit\u00adbeilegung\/Universal\u00adschlichtungs\u00adstelle<\/h3><p>Wir sind nicht bereit oder verpflichtet, an Streitbeilegungsverfahren vor einer Verbraucherschlichtungsstelle teilzunehmen.<\/p><h3>Haftungsausschluss<\/h3><p>Die HEJM Automatisierungstechnik GmbH m\u00f6chte darauf hinweisen, dass die Informationen dieser Website unverbindlich sind. Wir behalten uns das Recht vor, Erg\u00e4nzungen oder \u00c4nderungen der Informationen vorzunehmen. Es ist jede Haftung f\u00fcr die Richtigkeit und Vollst\u00e4ndigkeit der Information ausgeschlossen.<br \/>F\u00fcr jede Art von Sch\u00e4den, die aus fehlerhaften oder unvollst\u00e4ndigen Informationen dieser Webseite resultieren, \u00fcbernehmen wir keine Haftung.<br \/>Sofern Teile oder einzelne Formulierungen dieses Textes der geltenden Rechtslage nicht, nicht mehr oder nicht vollst\u00e4ndig entsprechen sollten, bleiben die \u00fcbrigen Teile des Dokumentes in ihrem Inhalt und ihrer G\u00fcltigkeit davon unber\u00fchrt.<\/p><h3>Links und Verweise<\/h3><p>Auf dieser Webseite k\u00f6nnen sich Links und Verweise zu Webseiten Dritter befinden. F\u00fcr die Internetseiten Dritter, auf die der Betreiber dieser Webseite verweist, tragen die jeweiligen Anbieter die Verantwortung. Die HEJM Automatisierungstechnik GmbH schlie\u00dft die Haftung f\u00fcr Webseiten Dritter hiermit aus.<br \/>Desweiteren kann unsere Website ohne unser Wissen von einer anderen Website durch einen Hyperlink oder Verweis angelinkt worden sein. Wir \u00fcbernehmen keine Verantwortung f\u00fcr die Darstellung, Inhalt oder irgendeine Verbindung zum Herausgeber von Webseiten Dritter.<\/p>\t\t\t\t\t\t\t\t<\/div>\n\t\t\t\t<\/div>\n\t\t\t\t\t<\/div>\n\t\t\t\t<\/div>\n\t\t\t\t<\/div>\n\t\t","protected":false},"excerpt":{"rendered":"<p>Impressum HEJM Automatisierungstechnik GmbHWilhelm-Moriell-Strasse 778315 RadolfzellDeutschland Handelsregister: HRB 550 604Registergericht: Amtsgericht Freiburg Vertreten durch:J\u00fcrgen Mandlmaier, Daniel F\u00fcrst Kontakt Telefon: +49 7732 94558-0E-Mail: info@hejm.de Umsatzsteuer-ID Umsatzsteuer-Identifikationsnummer gem\u00e4\u00df \u00a7 27 a Umsatzsteuergesetz:DE187243276 Redaktionell verantwortlich Daniel F\u00fcrst EU-Streitschlichtung Die Europ\u00e4ische Kommission stellt eine Plattform zur Online-Streitbeilegung (OS) bereit: https:\/\/ec.europa.eu\/consumers\/odr\/.Unsere E-Mail-Adresse finden Sie oben im Impressum. Verbraucher\u00adstreit\u00adbeilegung\/Universal\u00adschlichtungs\u00adstelle Wir sind [&hellip;]<\/p>\n","protected":false},"author":1,"featured_media":0,"parent":0,"menu_order":0,"comment_status":"closed","ping_status":"closed","template":"","meta":{"footnotes":""},"class_list":["post-4139","page","type-page","status-publish","hentry"],"_links":{"self":[{"href":"https:\/\/hejm.de\/en\/wp-json\/wp\/v2\/pages\/4139","targetHints":{"allow":["GET"]}}],"collection":[{"href":"https:\/\/hejm.de\/en\/wp-json\/wp\/v2\/pages"}],"about":[{"href":"https:\/\/hejm.de\/en\/wp-json\/wp\/v2\/types\/page"}],"author":[{"embeddable":true,"href":"https:\/\/hejm.de\/en\/wp-json\/wp\/v2\/users\/1"}],"replies":[{"embeddable":true,"href":"https:\/\/hejm.de\/en\/wp-json\/wp\/v2\/comments?post=4139"}],"version-history":[{"count":0,"href":"https:\/\/hejm.de\/en\/wp-json\/wp\/v2\/pages\/4139\/revisions"}],"wp:attachment":[{"href":"https:\/\/hejm.de\/en\/wp-json\/wp\/v2\/media?parent=4139"}],"curies":[{"name":"wp","href":"https:\/\/api.w.org\/{rel}","templated":true}]}}